{"id":112,"date":"2022-12-04T12:06:18","date_gmt":"2022-12-04T11:06:18","guid":{"rendered":"http:\/\/champipote.com\/?page_id=112"},"modified":"2026-03-03T09:25:50","modified_gmt":"2026-03-03T08:25:50","slug":"nos-varietes","status":"publish","type":"page","link":"https:\/\/champipote.com\/index.php\/nos-varietes\/","title":{"rendered":"Nos Champignons"},"content":{"rendered":"\t\t<div data-elementor-type=\"wp-page\" data-elementor-id=\"112\" class=\"elementor elementor-112\">\n\t\t\t\t\t\t<section class=\"elementor-section elementor-top-section elementor-element elementor-element-82a9caa elementor-section-boxed elementor-section-height-default elementor-section-height-default\" data-id=\"82a9caa\" data-element_type=\"section\" data-e-type=\"section\">\n\t\t\t\t\t\t<div class=\"elementor-container elementor-column-gap-default\">\n\t\t\t\t\t<div class=\"elementor-column elementor-col-100 elementor-top-column elementor-element elementor-element-fa29ee9\" data-id=\"fa29ee9\" data-element_type=\"column\" data-e-type=\"column\">\n\t\t\t<div class=\"elementor-widget-wrap elementor-element-populated\">\n\t\t\t\t\t\t<section class=\"elementor-section elementor-inner-section elementor-element elementor-element-ac4deb8 elementor-section-boxed elementor-section-height-default elementor-section-height-default\" data-id=\"ac4deb8\" data-element_type=\"section\" data-e-type=\"section\">\n\t\t\t\t\t\t<div class=\"elementor-container elementor-column-gap-default\">\n\t\t\t\t\t<div class=\"elementor-column elementor-col-50 elementor-inner-column elementor-element elementor-element-ed70b49\" data-id=\"ed70b49\" data-element_type=\"column\" data-e-type=\"column\">\n\t\t\t<div class=\"elementor-widget-wrap elementor-element-populated\">\n\t\t\t\t\t\t<section class=\"elementor-section elementor-inner-section elementor-element elementor-element-dadea5a elementor-section-boxed elementor-section-height-default elementor-section-height-default\" data-id=\"dadea5a\" data-element_type=\"section\" data-e-type=\"section\">\n\t\t\t\t\t\t<div class=\"elementor-container elementor-column-gap-default\">\n\t\t\t\t\t<div class=\"elementor-column elementor-col-50 elementor-inner-column elementor-element elementor-element-b987036\" data-id=\"b987036\" data-element_type=\"column\" data-e-type=\"column\">\n\t\t\t<div class=\"elementor-widget-wrap elementor-element-populated\">\n\t\t\t\t\t\t<div class=\"elementor-element elementor-element-6f4094f elementor-widget elementor-widget-narestaurant_unique_food_item\" data-id=\"6f4094f\" data-element_type=\"widget\" data-e-type=\"widget\" data-widget_type=\"narestaurant_unique_food_item.default\">\n\t\t\t\t<div class=\"elementor-widget-container\">\n\t\t\t\t\t<div class=\"narep-food-item-wrap style-two\"><div class=\"nich-row\"><div class=\"nich-col-lg-12\"><div class=\"narep-food-item zoom-image\">\n\t\t\t\t\t\t\t\t\t\t\t              <div class=\"narep-image\"><a href=\"https:\/\/en.wikipedia.org\/wiki\/Pleurotus_citrinopileatus\" target=\"_blank\" ><img decoding=\"async\" src=\"https:\/\/champipote.com\/wp-content\/uploads\/2023\/06\/pleurote-jaune-carre-scaled.jpg\" alt=\"Pleurote Jaune Frais et BIO\"><\/a><\/div><div class=\"narep-food-item-info\"><h3>Pleurote Jaune Frais et BIO<\/h3><h5 class=\"item-price\">20\u20ac\/Kg<\/h5><p>D'origine asiatique, il poss\u00e8de une saveur unique rappelant les agrumes avec une texture plus tendre et d\u00e9licate que les pleurote communs. Son parfum est l\u00e9g\u00e8rement sucr\u00e9 et sa chair est juteuse.<\/p><\/div>\n\t\t\t\t\t\t\t\t\t\t\t            <\/div><\/div><\/div><\/div>\t\t\t\t<\/div>\n\t\t\t\t<\/div>\n\t\t\t\t<div class=\"elementor-element elementor-element-9b4b1c7 elementor-widget elementor-widget-narestaurant_unique_food_item\" data-id=\"9b4b1c7\" data-element_type=\"widget\" data-e-type=\"widget\" data-widget_type=\"narestaurant_unique_food_item.default\">\n\t\t\t\t<div class=\"elementor-widget-container\">\n\t\t\t\t\t<div class=\"narep-food-item-wrap style-two\"><div class=\"nich-row\"><div class=\"nich-col-lg-12\"><div class=\"narep-food-item zoom-image\">\n\t\t\t\t\t\t\t\t\t\t\t              <div class=\"narep-image\"><a href=\"https:\/\/fr.wikipedia.org\/wiki\/Pleurotus_pulmonarius\" target=\"_blank\" ><img decoding=\"async\" src=\"https:\/\/champipote.com\/wp-content\/uploads\/2025\/02\/PXL_20250218_124421670-scaled.jpg\" alt=\"Pleurote SAJOR-CAJU Frais et BIO\"><\/a><\/div><div class=\"narep-food-item-info\"><h3>Pleurote SAJOR-CAJU Frais et BIO<\/h3><h5 class=\"item-price\">20\u20ac\/Kg<\/h5><p>Il se marie tr\u00e8s bien avec tout type de viandes et de poissons. Il est aussi tr\u00e8s utilis\u00e9 dans la cuisine v\u00e9g\u00e9tarienne, notamment coup\u00e9 finement et saut\u00e9 \u00e0 la po\u00eale avec des l\u00e9gumes.<\/p><\/div>\n\t\t\t\t\t\t\t\t\t\t\t            <\/div><\/div><\/div><\/div>\t\t\t\t<\/div>\n\t\t\t\t<\/div>\n\t\t\t\t\t<\/div>\n\t\t<\/div>\n\t\t\t\t<div class=\"elementor-column elementor-col-50 elementor-inner-column elementor-element elementor-element-25da507\" data-id=\"25da507\" data-element_type=\"column\" data-e-type=\"column\">\n\t\t\t<div class=\"elementor-widget-wrap elementor-element-populated\">\n\t\t\t\t\t\t<div class=\"elementor-element elementor-element-557e1bc elementor-widget elementor-widget-narestaurant_unique_food_item\" data-id=\"557e1bc\" data-element_type=\"widget\" data-e-type=\"widget\" data-widget_type=\"narestaurant_unique_food_item.default\">\n\t\t\t\t<div class=\"elementor-widget-container\">\n\t\t\t\t\t<div class=\"narep-food-item-wrap style-two\"><div class=\"nich-row\"><div class=\"nich-col-lg-12\"><div class=\"narep-food-item zoom-image\">\n\t\t\t\t\t\t\t\t\t\t\t              <div class=\"narep-image\"><a href=\"https:\/\/fr.wikipedia.org\/wiki\/Pleurotus_eryngii\" target=\"_blank\" ><img decoding=\"async\" src=\"https:\/\/champipote.com\/wp-content\/uploads\/2023\/06\/pleurote-roi-carre-scaled.jpg\" alt=\"ERYNGII (ou faux c\u00e8pes) Frais et Bio\"><\/a><\/div><div class=\"narep-food-item-info\"><h3>ERYNGII (ou faux c\u00e8pes) Frais et Bio<\/h3><h5 class=\"item-price\">20\u20ac\/Kg<\/h5><p>On l'aime pour sa chair ferme, son subtil go\u00fbt noisette partout \u00e0 travers le monde. En steak, effiloch\u00e9, une excellente alternative \u00e0 la viande (ou simplement bon en soi).<\/p><\/div>\n\t\t\t\t\t\t\t\t\t\t\t            <\/div><\/div><\/div><\/div>\t\t\t\t<\/div>\n\t\t\t\t<\/div>\n\t\t\t\t<div class=\"elementor-element elementor-element-54da028 elementor-widget elementor-widget-narestaurant_unique_food_item\" data-id=\"54da028\" data-element_type=\"widget\" data-e-type=\"widget\" data-widget_type=\"narestaurant_unique_food_item.default\">\n\t\t\t\t<div class=\"elementor-widget-container\">\n\t\t\t\t\t<div class=\"narep-food-item-wrap style-two\"><div class=\"nich-row\"><div class=\"nich-col-lg-12\"><div class=\"narep-food-item zoom-image\">\n\t\t\t\t\t\t\t\t\t\t\t              <div class=\"narep-image\"><a href=\"https:\/\/fr.wikipedia.org\/wiki\/Pholiota_microspora\" target=\"_blank\" ><img decoding=\"async\" src=\"https:\/\/champipote.com\/wp-content\/uploads\/2025\/02\/PXL_20250218_123742884-scaled.jpg\" alt=\"NAMEKO Frais et BIO (RUPTURE de Stock)\"><\/a><\/div><div class=\"narep-food-item-info\"><h3>NAMEKO Frais et BIO (RUPTURE de Stock)<\/h3><h5 class=\"item-price\">20\u20ac\/Kg<\/h5><p>Le champignon nameko est tr\u00e8s utilis\u00e9 dans les soupes et plus particuli\u00e8rement dans la soupe miso mais aussi dans les nouilles dont les nouilles soba (au bouillon) ou saut\u00e9s \u00e0 la po\u00eale, une fois incorpor\u00e9 a un bouillon ou cuit le \u00ab c\u00f4t\u00e9 \u00bb baveux a totalement disparu pour laisser place \u00e0 ses saveurs tr\u00e8s fondantes en bouche et son go\u00fbt de noisette qui fait de ce petit champignon atypique un incontournable de la cuisine Japonaise.<\/p><\/div>\n\t\t\t\t\t\t\t\t\t\t\t            <\/div><\/div><\/div><\/div>\t\t\t\t<\/div>\n\t\t\t\t<\/div>\n\t\t\t\t\t<\/div>\n\t\t<\/div>\n\t\t\t\t\t<\/div>\n\t\t<\/section>\n\t\t\t\t\t<\/div>\n\t\t<\/div>\n\t\t\t\t<div class=\"elementor-column elementor-col-50 elementor-inner-column elementor-element elementor-element-df24fac\" data-id=\"df24fac\" data-element_type=\"column\" data-e-type=\"column\">\n\t\t\t<div class=\"elementor-widget-wrap elementor-element-populated\">\n\t\t\t\t\t\t<div class=\"elementor-element elementor-element-a970ec2 elementor-widget__width-initial elementor-widget elementor-widget-narestaurant_unique_food_item\" data-id=\"a970ec2\" data-element_type=\"widget\" data-e-type=\"widget\" data-widget_type=\"narestaurant_unique_food_item.default\">\n\t\t\t\t<div class=\"elementor-widget-container\">\n\t\t\t\t\t<div class=\"narep-food-item-wrap style-two\"><div class=\"nich-row\"><div class=\"nich-col-lg-12\"><div class=\"narep-food-item zoom-image\">\n\t\t\t\t\t\t\t\t\t\t\t              <div class=\"narep-image\"><a href=\"https:\/\/fr.wikipedia.org\/wiki\/Hericium_erinaceus\" target=\"_blank\" ><img decoding=\"async\" src=\"https:\/\/champipote.com\/wp-content\/uploads\/2024\/04\/lionsmane-scaled.jpeg\" alt=\"Crini\u00e8re de Lion frais\"><\/a><\/div><div class=\"narep-food-item-info\"><h3>Crini\u00e8re de Lion frais<\/h3><h5 class=\"item-price\">25\u20ac\/Kg<\/h5><p>On lit toutes sortes de choses sur ce champignon mythique et mystique. Nous, en le mange en boulette, cuit au beurre et MIAM<\/p><\/div>\n\t\t\t\t\t\t\t\t\t\t\t            <\/div><\/div><\/div><\/div>\t\t\t\t<\/div>\n\t\t\t\t<\/div>\n\t\t\t\t\t<\/div>\n\t\t<\/div>\n\t\t\t\t\t<\/div>\n\t\t<\/section>\n\t\t\t\t\t<\/div>\n\t\t<\/div>\n\t\t\t\t\t<\/div>\n\t\t<\/section>\n\t\t\t\t<section class=\"elementor-section elementor-top-section elementor-element elementor-element-39871b1 elementor-section-boxed elementor-section-height-default elementor-section-height-default\" data-id=\"39871b1\" data-element_type=\"section\" data-e-type=\"section\">\n\t\t\t\t\t\t<div class=\"elementor-container elementor-column-gap-default\">\n\t\t\t\t\t<div class=\"elementor-column elementor-col-100 elementor-top-column elementor-element elementor-element-d27f567\" data-id=\"d27f567\" data-element_type=\"column\" data-e-type=\"column\">\n\t\t\t<div class=\"elementor-widget-wrap\">\n\t\t\t\t\t\t\t<\/div>\n\t\t<\/div>\n\t\t\t\t\t<\/div>\n\t\t<\/section>\n\t\t\t\t<section class=\"elementor-section elementor-top-section elementor-element elementor-element-04af470 elementor-section-boxed elementor-section-height-default elementor-section-height-default\" data-id=\"04af470\" data-element_type=\"section\" data-e-type=\"section\">\n\t\t\t\t\t\t<div class=\"elementor-container elementor-column-gap-default\">\n\t\t\t\t\t<div class=\"elementor-column elementor-col-100 elementor-top-column elementor-element elementor-element-a36fff9\" data-id=\"a36fff9\" data-element_type=\"column\" data-e-type=\"column\">\n\t\t\t<div class=\"elementor-widget-wrap elementor-element-populated\">\n\t\t\t\t\t\t<div class=\"elementor-element elementor-element-618d5ec elementor-widget elementor-widget-text-editor\" data-id=\"618d5ec\" data-element_type=\"widget\" data-e-type=\"widget\" data-widget_type=\"text-editor.default\">\n\t\t\t\t<div class=\"elementor-widget-container\">\n\t\t\t\t\t\t\t\t\t<p style=\"font-size: 16px; text-align: center;\"><strong>Vous pouvez venir nous <span style=\"text-decoration: underline;\">acheter des champignons directement \u00e0 la ferme <\/span>les information sont sur la page \u00ab\u00a0vente \u00e0 la ferme\u00a0\u00bb<\/strong><\/p>\t\t\t\t\t\t\t\t<\/div>\n\t\t\t\t<\/div>\n\t\t\t\t\t<\/div>\n\t\t<\/div>\n\t\t\t\t\t<\/div>\n\t\t<\/section>\n\t\t\t\t<\/div>\n\t\t","protected":false},"excerpt":{"rendered":"<p>Pleurote Jaune Frais et BIO 20\u20ac\/Kg D&rsquo;origine asiatique, il poss\u00e8de une saveur unique rappelant les agrumes avec une texture plus tendre et d\u00e9licate que les pleurote communs. Son parfum est l\u00e9g\u00e8rement sucr\u00e9 et sa chair est juteuse. Pleurote SAJOR-CAJU Frais et BIO 20\u20ac\/Kg Il se marie tr\u00e8s bien avec tout type de viandes et de&#8230;<\/p>\n","protected":false},"author":1,"featured_media":0,"parent":0,"menu_order":0,"comment_status":"closed","ping_status":"closed","template":"","meta":{"ocean_post_layout":"","ocean_both_sidebars_style":"","ocean_both_sidebars_content_width":0,"ocean_both_sidebars_sidebars_width":0,"ocean_sidebar":"0","ocean_second_sidebar":"0","ocean_disable_margins":"enable","ocean_add_body_class":"","ocean_shortcode_before_top_bar":"","ocean_shortcode_after_top_bar":"","ocean_shortcode_before_header":"","ocean_shortcode_after_header":"","ocean_has_shortcode":"","ocean_shortcode_after_title":"","ocean_shortcode_before_footer_widgets":"","ocean_shortcode_after_footer_widgets":"","ocean_shortcode_before_footer_bottom":"","ocean_shortcode_after_footer_bottom":"","ocean_display_top_bar":"default","ocean_display_header":"default","ocean_header_style":"","ocean_center_header_left_menu":"0","ocean_custom_header_template":"0","ocean_custom_logo":0,"ocean_custom_retina_logo":0,"ocean_custom_logo_max_width":0,"ocean_custom_logo_tablet_max_width":0,"ocean_custom_logo_mobile_max_width":0,"ocean_custom_logo_max_height":0,"ocean_custom_logo_tablet_max_height":0,"ocean_custom_logo_mobile_max_height":0,"ocean_header_custom_menu":"0","ocean_menu_typo_font_family":"0","ocean_menu_typo_font_subset":"","ocean_menu_typo_font_size":0,"ocean_menu_typo_font_size_tablet":0,"ocean_menu_typo_font_size_mobile":0,"ocean_menu_typo_font_size_unit":"px","ocean_menu_typo_font_weight":"","ocean_menu_typo_font_weight_tablet":"","ocean_menu_typo_font_weight_mobile":"","ocean_menu_typo_transform":"","ocean_menu_typo_transform_tablet":"","ocean_menu_typo_transform_mobile":"","ocean_menu_typo_line_height":0,"ocean_menu_typo_line_height_tablet":0,"ocean_menu_typo_line_height_mobile":0,"ocean_menu_typo_line_height_unit":"","ocean_menu_typo_spacing":0,"ocean_menu_typo_spacing_tablet":0,"ocean_menu_typo_spacing_mobile":0,"ocean_menu_typo_spacing_unit":"","ocean_menu_link_color":"","ocean_menu_link_color_hover":"","ocean_menu_link_color_active":"","ocean_menu_link_background":"","ocean_menu_link_hover_background":"","ocean_menu_link_active_background":"","ocean_menu_social_links_bg":"","ocean_menu_social_hover_links_bg":"","ocean_menu_social_links_color":"","ocean_menu_social_hover_links_color":"","ocean_disable_title":"default","ocean_disable_heading":"default","ocean_post_title":"","ocean_post_subheading":"","ocean_post_title_style":"","ocean_post_title_background_color":"","ocean_post_title_background":0,"ocean_post_title_bg_image_position":"","ocean_post_title_bg_image_attachment":"","ocean_post_title_bg_image_repeat":"","ocean_post_title_bg_image_size":"","ocean_post_title_height":0,"ocean_post_title_bg_overlay":0.5,"ocean_post_title_bg_overlay_color":"","ocean_disable_breadcrumbs":"default","ocean_breadcrumbs_color":"","ocean_breadcrumbs_separator_color":"","ocean_breadcrumbs_links_color":"","ocean_breadcrumbs_links_hover_color":"","ocean_display_footer_widgets":"default","ocean_display_footer_bottom":"default","ocean_custom_footer_template":"0","footnotes":""},"class_list":["post-112","page","type-page","status-publish","hentry","entry"],"_links":{"self":[{"href":"https:\/\/champipote.com\/index.php\/wp-json\/wp\/v2\/pages\/112","targetHints":{"allow":["GET"]}}],"collection":[{"href":"https:\/\/champipote.com\/index.php\/wp-json\/wp\/v2\/pages"}],"about":[{"href":"https:\/\/champipote.com\/index.php\/wp-json\/wp\/v2\/types\/page"}],"author":[{"embeddable":true,"href":"https:\/\/champipote.com\/index.php\/wp-json\/wp\/v2\/users\/1"}],"replies":[{"embeddable":true,"href":"https:\/\/champipote.com\/index.php\/wp-json\/wp\/v2\/comments?post=112"}],"version-history":[{"count":99,"href":"https:\/\/champipote.com\/index.php\/wp-json\/wp\/v2\/pages\/112\/revisions"}],"predecessor-version":[{"id":1248,"href":"https:\/\/champipote.com\/index.php\/wp-json\/wp\/v2\/pages\/112\/revisions\/1248"}],"wp:attachment":[{"href":"https:\/\/champipote.com\/index.php\/wp-json\/wp\/v2\/media?parent=112"}],"curies":[{"name":"wp","href":"https:\/\/api.w.org\/{rel}","templated":true}]}}