{"id":1122,"date":"2025-09-02T09:31:28","date_gmt":"2025-09-02T07:31:28","guid":{"rendered":"https:\/\/champipote.com\/?page_id=1122"},"modified":"2026-03-03T09:42:39","modified_gmt":"2026-03-03T08:42:39","slug":"pro","status":"publish","type":"page","link":"https:\/\/champipote.com\/index.php\/pro\/","title":{"rendered":"PRO"},"content":{"rendered":"\t\t<div data-elementor-type=\"wp-page\" data-elementor-id=\"1122\" class=\"elementor elementor-1122\">\n\t\t\t\t\t\t<section class=\"elementor-section elementor-top-section elementor-element elementor-element-2bde156 elementor-section-boxed elementor-section-height-default elementor-section-height-default\" data-id=\"2bde156\" data-element_type=\"section\" data-e-type=\"section\">\n\t\t\t\t\t\t<div class=\"elementor-container elementor-column-gap-default\">\n\t\t\t\t\t<div class=\"elementor-column elementor-col-100 elementor-top-column elementor-element elementor-element-0373906\" data-id=\"0373906\" data-element_type=\"column\" data-e-type=\"column\">\n\t\t\t<div class=\"elementor-widget-wrap\">\n\t\t\t\t\t\t\t<\/div>\n\t\t<\/div>\n\t\t\t\t\t<\/div>\n\t\t<\/section>\n\t\t\t\t<section class=\"elementor-section elementor-top-section elementor-element elementor-element-9105cf0 elementor-section-boxed elementor-section-height-default elementor-section-height-default\" data-id=\"9105cf0\" data-element_type=\"section\" data-e-type=\"section\">\n\t\t\t\t\t\t<div class=\"elementor-container elementor-column-gap-default\">\n\t\t\t\t\t<div class=\"elementor-column elementor-col-100 elementor-top-column elementor-element elementor-element-c9714c9\" data-id=\"c9714c9\" data-element_type=\"column\" data-e-type=\"column\">\n\t\t\t<div class=\"elementor-widget-wrap elementor-element-populated\">\n\t\t\t\t\t\t<div class=\"elementor-element elementor-element-b2d194a elementor-widget elementor-widget-spacer\" data-id=\"b2d194a\" data-element_type=\"widget\" data-e-type=\"widget\" data-widget_type=\"spacer.default\">\n\t\t\t\t<div class=\"elementor-widget-container\">\n\t\t\t\t\t\t\t<div class=\"elementor-spacer\">\n\t\t\t<div class=\"elementor-spacer-inner\"><\/div>\n\t\t<\/div>\n\t\t\t\t\t\t<\/div>\n\t\t\t\t<\/div>\n\t\t\t\t\t<\/div>\n\t\t<\/div>\n\t\t\t\t\t<\/div>\n\t\t<\/section>\n\t\t\t\t<section class=\"elementor-section elementor-top-section elementor-element elementor-element-f56107a elementor-section-boxed elementor-section-height-default elementor-section-height-default\" data-id=\"f56107a\" data-element_type=\"section\" data-e-type=\"section\">\n\t\t\t\t\t\t<div class=\"elementor-container elementor-column-gap-default\">\n\t\t\t\t\t<div class=\"elementor-column elementor-col-100 elementor-top-column elementor-element elementor-element-c2c2e74\" data-id=\"c2c2e74\" data-element_type=\"column\" data-e-type=\"column\">\n\t\t\t<div class=\"elementor-widget-wrap elementor-element-populated\">\n\t\t\t\t\t\t<div class=\"elementor-element elementor-element-29e4c22 elementor-widget elementor-widget-heading\" data-id=\"29e4c22\" data-element_type=\"widget\" data-e-type=\"widget\" data-widget_type=\"heading.default\">\n\t\t\t\t<div class=\"elementor-widget-container\">\n\t\t\t\t\t<h2 class=\"elementor-heading-title elementor-size-default\">ICI C'EST LA PAGE POUR LES PROFESSIONNELS<\/h2>\t\t\t\t<\/div>\n\t\t\t\t<\/div>\n\t\t\t\t\t<\/div>\n\t\t<\/div>\n\t\t\t\t\t<\/div>\n\t\t<\/section>\n\t\t\t\t<section class=\"elementor-section elementor-top-section elementor-element elementor-element-c2d39eb elementor-section-boxed elementor-section-height-default elementor-section-height-default\" data-id=\"c2d39eb\" data-element_type=\"section\" data-e-type=\"section\">\n\t\t\t\t\t\t<div class=\"elementor-container elementor-column-gap-default\">\n\t\t\t\t\t<div class=\"elementor-column elementor-col-100 elementor-top-column elementor-element elementor-element-d90e7d8\" data-id=\"d90e7d8\" data-element_type=\"column\" data-e-type=\"column\">\n\t\t\t<div class=\"elementor-widget-wrap elementor-element-populated\">\n\t\t\t\t\t\t<div class=\"elementor-element elementor-element-ab29fe7 elementor-widget-divider--view-line elementor-widget elementor-widget-divider\" data-id=\"ab29fe7\" data-element_type=\"widget\" data-e-type=\"widget\" data-widget_type=\"divider.default\">\n\t\t\t\t<div class=\"elementor-widget-container\">\n\t\t\t\t\t\t\t<div class=\"elementor-divider\">\n\t\t\t<span class=\"elementor-divider-separator\">\n\t\t\t\t\t\t<\/span>\n\t\t<\/div>\n\t\t\t\t\t\t<\/div>\n\t\t\t\t<\/div>\n\t\t\t\t\t<\/div>\n\t\t<\/div>\n\t\t\t\t\t<\/div>\n\t\t<\/section>\n\t\t\t\t<section class=\"elementor-section elementor-top-section elementor-element elementor-element-7c9a733 elementor-section-boxed elementor-section-height-default elementor-section-height-default\" data-id=\"7c9a733\" data-element_type=\"section\" data-e-type=\"section\">\n\t\t\t\t\t\t<div class=\"elementor-container elementor-column-gap-default\">\n\t\t\t\t\t<div class=\"elementor-column elementor-col-25 elementor-top-column elementor-element elementor-element-7dd8b0b\" data-id=\"7dd8b0b\" data-element_type=\"column\" data-e-type=\"column\">\n\t\t\t<div class=\"elementor-widget-wrap elementor-element-populated\">\n\t\t\t\t\t\t<div class=\"elementor-element elementor-element-65193d1 elementor-widget elementor-widget-text-editor\" data-id=\"65193d1\" data-element_type=\"widget\" data-e-type=\"widget\" data-widget_type=\"text-editor.default\">\n\t\t\t\t<div class=\"elementor-widget-container\">\n\t\t\t\t\t\t\t\t\t<h2 style=\"text-align: center;\">Livraisons : Mardi et Jeudi\u00a0<\/h2><p style=\"text-align: center;\">Si vous avez des exigences de livraison (heure pr\u00e9cise) n&rsquo;h\u00e9sitez pas \u00e0 nous les communiquer<\/p><p style=\"text-align: center;\">Commandez au 07 73 12 20 15<\/p>\t\t\t\t\t\t\t\t<\/div>\n\t\t\t\t<\/div>\n\t\t\t\t\t<\/div>\n\t\t<\/div>\n\t\t\t\t<div class=\"elementor-column elementor-col-25 elementor-top-column elementor-element elementor-element-4a37213\" data-id=\"4a37213\" data-element_type=\"column\" data-e-type=\"column\">\n\t\t\t<div class=\"elementor-widget-wrap elementor-element-populated\">\n\t\t\t\t\t\t<div class=\"elementor-element elementor-element-2d6f0be elementor-widget__width-initial elementor-widget elementor-widget-text-editor\" data-id=\"2d6f0be\" data-element_type=\"widget\" data-e-type=\"widget\" data-widget_type=\"text-editor.default\">\n\t\t\t\t<div class=\"elementor-widget-container\">\n\t\t\t\t\t\t\t\t\t<h2 style=\"text-align: center;\">Prix Pleurote : 17\u20ac HT\/KG<\/h2><h2 style=\"text-align: center;\">Prix Lion&rsquo;s mane: 20\u20ac HT\/KG<\/h2><p style=\"text-align: center;\"><span style=\"text-decoration: underline;\">Si commande &gt; 20kg\/mois :<\/span><\/p><h2 style=\"text-align: center;\">16\u20ac HT\/KG<\/h2><h2 style=\"text-align: center;\">19\u20ac HT\/KG (lion&rsquo;s mane)<\/h2><p style=\"text-align: center;\"><span style=\"text-decoration: underline;\">Si &gt; 40kg\/mois :<\/span><\/p><h2 style=\"text-align: center;\">15\u20ac HT\/KG<\/h2><h2 style=\"text-align: center;\">18\u20ac HT\/KG (lion&rsquo;s mane)<\/h2>\t\t\t\t\t\t\t\t<\/div>\n\t\t\t\t<\/div>\n\t\t\t\t\t<\/div>\n\t\t<\/div>\n\t\t\t\t<div class=\"elementor-column elementor-col-25 elementor-top-column elementor-element elementor-element-8823a13\" data-id=\"8823a13\" data-element_type=\"column\" data-e-type=\"column\">\n\t\t\t<div class=\"elementor-widget-wrap elementor-element-populated\">\n\t\t\t\t\t\t<div class=\"elementor-element elementor-element-fd267cb elementor-widget elementor-widget-text-editor\" data-id=\"fd267cb\" data-element_type=\"widget\" data-e-type=\"widget\" data-widget_type=\"text-editor.default\">\n\t\t\t\t<div class=\"elementor-widget-container\">\n\t\t\t\t\t\t\t\t\t<h4>\u00a0<\/h4><h4>\u00a0<\/h4><h4 style=\"text-align: center;\">Livraison en cagettes de 2 ou 3kg\u00a0<\/h4>\t\t\t\t\t\t\t\t<\/div>\n\t\t\t\t<\/div>\n\t\t\t\t\t<\/div>\n\t\t<\/div>\n\t\t\t\t<div class=\"elementor-column elementor-col-25 elementor-top-column elementor-element elementor-element-2b01a88\" data-id=\"2b01a88\" data-element_type=\"column\" data-e-type=\"column\">\n\t\t\t<div class=\"elementor-widget-wrap elementor-element-populated\">\n\t\t\t\t\t\t<div class=\"elementor-element elementor-element-385805c elementor-widget elementor-widget-text-editor\" data-id=\"385805c\" data-element_type=\"widget\" data-e-type=\"widget\" data-widget_type=\"text-editor.default\">\n\t\t\t\t<div class=\"elementor-widget-container\">\n\t\t\t\t\t\t\t\t\t<h3>&nbsp;<\/h3>\n<h4 style=\"text-align: center;\">Champignons \u00ab\u00a0pr\u00eats \u00e0 d\u00e9couper\u00a0\u00bb d\u00e9j\u00e0 propres, pieds nettoy\u00e9s, pr\u00eats \u00e0 l&rsquo;usage<\/h4>\n<h4 style=\"text-align: center;\">Conservation en chambre froide&nbsp;<\/h4>\t\t\t\t\t\t\t\t<\/div>\n\t\t\t\t<\/div>\n\t\t\t\t\t<\/div>\n\t\t<\/div>\n\t\t\t\t\t<\/div>\n\t\t<\/section>\n\t\t\t\t<section class=\"elementor-section elementor-top-section elementor-element elementor-element-cf3a92f elementor-section-boxed elementor-section-height-default elementor-section-height-default\" data-id=\"cf3a92f\" data-element_type=\"section\" data-e-type=\"section\">\n\t\t\t\t\t\t<div class=\"elementor-container elementor-column-gap-default\">\n\t\t\t\t\t<div class=\"elementor-column elementor-col-100 elementor-top-column elementor-element elementor-element-dc51e02\" data-id=\"dc51e02\" data-element_type=\"column\" data-e-type=\"column\">\n\t\t\t<div class=\"elementor-widget-wrap elementor-element-populated\">\n\t\t\t\t\t\t<div class=\"elementor-element elementor-element-9cb278c elementor-widget elementor-widget-text-editor\" data-id=\"9cb278c\" data-element_type=\"widget\" data-e-type=\"widget\" data-widget_type=\"text-editor.default\">\n\t\t\t\t<div class=\"elementor-widget-container\">\n\t\t\t\t\t\t\t\t\t<h2 style=\"text-align: center;\">CERTIFIES AGRICULTURE BIOLOGIQUE ET PRODUCTION DANS LA VILLE DE RENNES EN ULTRA-LOCAL !<\/h2>\t\t\t\t\t\t\t\t<\/div>\n\t\t\t\t<\/div>\n\t\t\t\t\t<\/div>\n\t\t<\/div>\n\t\t\t\t\t<\/div>\n\t\t<\/section>\n\t\t\t\t<section class=\"elementor-section elementor-top-section elementor-element elementor-element-acfc2e8 elementor-section-boxed elementor-section-height-default elementor-section-height-default\" data-id=\"acfc2e8\" data-element_type=\"section\" data-e-type=\"section\">\n\t\t\t\t\t\t<div class=\"elementor-container elementor-column-gap-default\">\n\t\t\t\t\t<div class=\"elementor-column elementor-col-100 elementor-top-column elementor-element elementor-element-2e142b8\" data-id=\"2e142b8\" data-element_type=\"column\" data-e-type=\"column\">\n\t\t\t<div class=\"elementor-widget-wrap elementor-element-populated\">\n\t\t\t\t\t\t<div class=\"elementor-element elementor-element-36e5007 elementor-widget-divider--view-line elementor-widget elementor-widget-divider\" data-id=\"36e5007\" data-element_type=\"widget\" data-e-type=\"widget\" data-widget_type=\"divider.default\">\n\t\t\t\t<div class=\"elementor-widget-container\">\n\t\t\t\t\t\t\t<div class=\"elementor-divider\">\n\t\t\t<span class=\"elementor-divider-separator\">\n\t\t\t\t\t\t<\/span>\n\t\t<\/div>\n\t\t\t\t\t\t<\/div>\n\t\t\t\t<\/div>\n\t\t\t\t\t<\/div>\n\t\t<\/div>\n\t\t\t\t\t<\/div>\n\t\t<\/section>\n\t\t\t\t<section class=\"elementor-section elementor-top-section elementor-element elementor-element-23ab20d elementor-section-boxed elementor-section-height-default elementor-section-height-default\" data-id=\"23ab20d\" data-element_type=\"section\" data-e-type=\"section\">\n\t\t\t\t\t\t<div class=\"elementor-container elementor-column-gap-default\">\n\t\t\t\t\t<div class=\"elementor-column elementor-col-50 elementor-top-column elementor-element elementor-element-283e14a\" data-id=\"283e14a\" data-element_type=\"column\" data-e-type=\"column\">\n\t\t\t<div class=\"elementor-widget-wrap elementor-element-populated\">\n\t\t\t\t\t\t<div class=\"elementor-element elementor-element-04821dd elementor-widget elementor-widget-image\" data-id=\"04821dd\" data-element_type=\"widget\" data-e-type=\"widget\" data-widget_type=\"image.default\">\n\t\t\t\t<div class=\"elementor-widget-container\">\n\t\t\t\t\t\t\t\t\t\t\t\t\t\t\t<img fetchpriority=\"high\" decoding=\"async\" width=\"724\" height=\"1024\" src=\"https:\/\/champipote.com\/wp-content\/uploads\/2025\/09\/Champipote-catalogue-Pro-1_page-0004-724x1024.jpg\" class=\"attachment-large size-large wp-image-1127\" alt=\"\" srcset=\"https:\/\/champipote.com\/wp-content\/uploads\/2025\/09\/Champipote-catalogue-Pro-1_page-0004-724x1024.jpg 724w, https:\/\/champipote.com\/wp-content\/uploads\/2025\/09\/Champipote-catalogue-Pro-1_page-0004-212x300.jpg 212w, https:\/\/champipote.com\/wp-content\/uploads\/2025\/09\/Champipote-catalogue-Pro-1_page-0004-768x1086.jpg 768w, https:\/\/champipote.com\/wp-content\/uploads\/2025\/09\/Champipote-catalogue-Pro-1_page-0004-1086x1536.jpg 1086w, https:\/\/champipote.com\/wp-content\/uploads\/2025\/09\/Champipote-catalogue-Pro-1_page-0004-1448x2048.jpg 1448w, https:\/\/champipote.com\/wp-content\/uploads\/2025\/09\/Champipote-catalogue-Pro-1_page-0004-scaled.jpg 1810w\" sizes=\"(max-width: 724px) 100vw, 724px\" \/>\t\t\t\t\t\t\t\t\t\t\t\t\t\t\t<\/div>\n\t\t\t\t<\/div>\n\t\t\t\t\t<\/div>\n\t\t<\/div>\n\t\t\t\t<div class=\"elementor-column elementor-col-50 elementor-top-column elementor-element elementor-element-6050fca\" data-id=\"6050fca\" data-element_type=\"column\" data-e-type=\"column\">\n\t\t\t<div class=\"elementor-widget-wrap elementor-element-populated\">\n\t\t\t\t\t\t<div class=\"elementor-element elementor-element-5889dc6 elementor-widget elementor-widget-image\" data-id=\"5889dc6\" data-element_type=\"widget\" data-e-type=\"widget\" data-widget_type=\"image.default\">\n\t\t\t\t<div class=\"elementor-widget-container\">\n\t\t\t\t\t\t\t\t\t\t\t\t\t\t\t<img decoding=\"async\" width=\"724\" height=\"1024\" src=\"https:\/\/champipote.com\/wp-content\/uploads\/2025\/09\/Champipote-catalogue-Pro-1_page-0002-724x1024.jpg\" class=\"attachment-large size-large wp-image-1125\" alt=\"\" srcset=\"https:\/\/champipote.com\/wp-content\/uploads\/2025\/09\/Champipote-catalogue-Pro-1_page-0002-724x1024.jpg 724w, https:\/\/champipote.com\/wp-content\/uploads\/2025\/09\/Champipote-catalogue-Pro-1_page-0002-212x300.jpg 212w, https:\/\/champipote.com\/wp-content\/uploads\/2025\/09\/Champipote-catalogue-Pro-1_page-0002-768x1086.jpg 768w, https:\/\/champipote.com\/wp-content\/uploads\/2025\/09\/Champipote-catalogue-Pro-1_page-0002-1086x1536.jpg 1086w, https:\/\/champipote.com\/wp-content\/uploads\/2025\/09\/Champipote-catalogue-Pro-1_page-0002-1448x2048.jpg 1448w, https:\/\/champipote.com\/wp-content\/uploads\/2025\/09\/Champipote-catalogue-Pro-1_page-0002-scaled.jpg 1810w\" sizes=\"(max-width: 724px) 100vw, 724px\" \/>\t\t\t\t\t\t\t\t\t\t\t\t\t\t\t<\/div>\n\t\t\t\t<\/div>\n\t\t\t\t\t<\/div>\n\t\t<\/div>\n\t\t\t\t\t<\/div>\n\t\t<\/section>\n\t\t\t\t<section class=\"elementor-section elementor-top-section elementor-element elementor-element-9160f94 elementor-section-boxed elementor-section-height-default elementor-section-height-default\" data-id=\"9160f94\" data-element_type=\"section\" data-e-type=\"section\">\n\t\t\t\t\t\t<div class=\"elementor-container elementor-column-gap-default\">\n\t\t\t\t\t<div class=\"elementor-column elementor-col-50 elementor-top-column elementor-element elementor-element-a110051\" data-id=\"a110051\" data-element_type=\"column\" data-e-type=\"column\">\n\t\t\t<div class=\"elementor-widget-wrap elementor-element-populated\">\n\t\t\t\t\t\t<div class=\"elementor-element elementor-element-192e03c elementor-widget elementor-widget-image\" data-id=\"192e03c\" data-element_type=\"widget\" data-e-type=\"widget\" data-widget_type=\"image.default\">\n\t\t\t\t<div class=\"elementor-widget-container\">\n\t\t\t\t\t\t\t\t\t\t\t\t\t\t\t<img decoding=\"async\" width=\"724\" height=\"1024\" src=\"https:\/\/champipote.com\/wp-content\/uploads\/2025\/09\/Champipote-catalogue-Pro-1_page-0003-724x1024.jpg\" class=\"attachment-large size-large wp-image-1126\" alt=\"\" srcset=\"https:\/\/champipote.com\/wp-content\/uploads\/2025\/09\/Champipote-catalogue-Pro-1_page-0003-724x1024.jpg 724w, https:\/\/champipote.com\/wp-content\/uploads\/2025\/09\/Champipote-catalogue-Pro-1_page-0003-212x300.jpg 212w, https:\/\/champipote.com\/wp-content\/uploads\/2025\/09\/Champipote-catalogue-Pro-1_page-0003-768x1086.jpg 768w, https:\/\/champipote.com\/wp-content\/uploads\/2025\/09\/Champipote-catalogue-Pro-1_page-0003-1086x1536.jpg 1086w, https:\/\/champipote.com\/wp-content\/uploads\/2025\/09\/Champipote-catalogue-Pro-1_page-0003-1448x2048.jpg 1448w, https:\/\/champipote.com\/wp-content\/uploads\/2025\/09\/Champipote-catalogue-Pro-1_page-0003-scaled.jpg 1810w\" sizes=\"(max-width: 724px) 100vw, 724px\" \/>\t\t\t\t\t\t\t\t\t\t\t\t\t\t\t<\/div>\n\t\t\t\t<\/div>\n\t\t\t\t\t<\/div>\n\t\t<\/div>\n\t\t\t\t<div class=\"elementor-column elementor-col-50 elementor-top-column elementor-element elementor-element-933bad8\" data-id=\"933bad8\" data-element_type=\"column\" data-e-type=\"column\">\n\t\t\t<div class=\"elementor-widget-wrap elementor-element-populated\">\n\t\t\t\t\t\t<div class=\"elementor-element elementor-element-e45c975 elementor-widget elementor-widget-image\" data-id=\"e45c975\" data-element_type=\"widget\" data-e-type=\"widget\" data-widget_type=\"image.default\">\n\t\t\t\t<div class=\"elementor-widget-container\">\n\t\t\t\t\t\t\t\t\t\t\t\t\t\t\t<img loading=\"lazy\" decoding=\"async\" width=\"724\" height=\"1024\" src=\"https:\/\/champipote.com\/wp-content\/uploads\/2026\/03\/Champipote-catalogue-Pro-2.pdf-724x1024.png\" class=\"attachment-large size-large wp-image-1242\" alt=\"\" srcset=\"https:\/\/champipote.com\/wp-content\/uploads\/2026\/03\/Champipote-catalogue-Pro-2.pdf-724x1024.png 724w, https:\/\/champipote.com\/wp-content\/uploads\/2026\/03\/Champipote-catalogue-Pro-2.pdf-212x300.png 212w, https:\/\/champipote.com\/wp-content\/uploads\/2026\/03\/Champipote-catalogue-Pro-2.pdf-768x1086.png 768w, https:\/\/champipote.com\/wp-content\/uploads\/2026\/03\/Champipote-catalogue-Pro-2.pdf-1086x1536.png 1086w, https:\/\/champipote.com\/wp-content\/uploads\/2026\/03\/Champipote-catalogue-Pro-2.pdf.png 1414w\" sizes=\"(max-width: 724px) 100vw, 724px\" \/>\t\t\t\t\t\t\t\t\t\t\t\t\t\t\t<\/div>\n\t\t\t\t<\/div>\n\t\t\t\t\t<\/div>\n\t\t<\/div>\n\t\t\t\t\t<\/div>\n\t\t<\/section>\n\t\t\t\t<\/div>\n\t\t","protected":false},"excerpt":{"rendered":"<p>ICI C&rsquo;EST LA PAGE POUR LES PROFESSIONNELS Livraisons : Mardi et Jeudi\u00a0 Si vous avez des exigences de livraison (heure pr\u00e9cise) n&rsquo;h\u00e9sitez pas \u00e0 nous les communiquer Commandez au 07 73 12 20 15 Prix Pleurote : 17\u20ac HT\/KG Prix Lion&rsquo;s mane: 20\u20ac HT\/KG Si commande &gt; 20kg\/mois : 16\u20ac HT\/KG 19\u20ac HT\/KG (lion&rsquo;s mane)&#8230;<\/p>\n","protected":false},"author":1,"featured_media":0,"parent":0,"menu_order":0,"comment_status":"closed","ping_status":"closed","template":"","meta":{"ocean_post_layout":"","ocean_both_sidebars_style":"","ocean_both_sidebars_content_width":0,"ocean_both_sidebars_sidebars_width":0,"ocean_sidebar":"","ocean_second_sidebar":"","ocean_disable_margins":"enable","ocean_add_body_class":"","ocean_shortcode_before_top_bar":"","ocean_shortcode_after_top_bar":"","ocean_shortcode_before_header":"","ocean_shortcode_after_header":"","ocean_has_shortcode":"","ocean_shortcode_after_title":"","ocean_shortcode_before_footer_widgets":"","ocean_shortcode_after_footer_widgets":"","ocean_shortcode_before_footer_bottom":"","ocean_shortcode_after_footer_bottom":"","ocean_display_top_bar":"default","ocean_display_header":"default","ocean_header_style":"","ocean_center_header_left_menu":"","ocean_custom_header_template":"","ocean_custom_logo":0,"ocean_custom_retina_logo":0,"ocean_custom_logo_max_width":0,"ocean_custom_logo_tablet_max_width":0,"ocean_custom_logo_mobile_max_width":0,"ocean_custom_logo_max_height":0,"ocean_custom_logo_tablet_max_height":0,"ocean_custom_logo_mobile_max_height":0,"ocean_header_custom_menu":"","ocean_menu_typo_font_family":"","ocean_menu_typo_font_subset":"","ocean_menu_typo_font_size":0,"ocean_menu_typo_font_size_tablet":0,"ocean_menu_typo_font_size_mobile":0,"ocean_menu_typo_font_size_unit":"px","ocean_menu_typo_font_weight":"","ocean_menu_typo_font_weight_tablet":"","ocean_menu_typo_font_weight_mobile":"","ocean_menu_typo_transform":"","ocean_menu_typo_transform_tablet":"","ocean_menu_typo_transform_mobile":"","ocean_menu_typo_line_height":0,"ocean_menu_typo_line_height_tablet":0,"ocean_menu_typo_line_height_mobile":0,"ocean_menu_typo_line_height_unit":"","ocean_menu_typo_spacing":0,"ocean_menu_typo_spacing_tablet":0,"ocean_menu_typo_spacing_mobile":0,"ocean_menu_typo_spacing_unit":"","ocean_menu_link_color":"","ocean_menu_link_color_hover":"","ocean_menu_link_color_active":"","ocean_menu_link_background":"","ocean_menu_link_hover_background":"","ocean_menu_link_active_background":"","ocean_menu_social_links_bg":"","ocean_menu_social_hover_links_bg":"","ocean_menu_social_links_color":"","ocean_menu_social_hover_links_color":"","ocean_disable_title":"default","ocean_disable_heading":"default","ocean_post_title":"","ocean_post_subheading":"","ocean_post_title_style":"","ocean_post_title_background_color":"","ocean_post_title_background":0,"ocean_post_title_bg_image_position":"","ocean_post_title_bg_image_attachment":"","ocean_post_title_bg_image_repeat":"","ocean_post_title_bg_image_size":"","ocean_post_title_height":0,"ocean_post_title_bg_overlay":0.5,"ocean_post_title_bg_overlay_color":"","ocean_disable_breadcrumbs":"default","ocean_breadcrumbs_color":"","ocean_breadcrumbs_separator_color":"","ocean_breadcrumbs_links_color":"","ocean_breadcrumbs_links_hover_color":"","ocean_display_footer_widgets":"default","ocean_display_footer_bottom":"default","ocean_custom_footer_template":"","footnotes":""},"class_list":["post-1122","page","type-page","status-publish","hentry","entry"],"_links":{"self":[{"href":"https:\/\/champipote.com\/index.php\/wp-json\/wp\/v2\/pages\/1122","targetHints":{"allow":["GET"]}}],"collection":[{"href":"https:\/\/champipote.com\/index.php\/wp-json\/wp\/v2\/pages"}],"about":[{"href":"https:\/\/champipote.com\/index.php\/wp-json\/wp\/v2\/types\/page"}],"author":[{"embeddable":true,"href":"https:\/\/champipote.com\/index.php\/wp-json\/wp\/v2\/users\/1"}],"replies":[{"embeddable":true,"href":"https:\/\/champipote.com\/index.php\/wp-json\/wp\/v2\/comments?post=1122"}],"version-history":[{"count":42,"href":"https:\/\/champipote.com\/index.php\/wp-json\/wp\/v2\/pages\/1122\/revisions"}],"predecessor-version":[{"id":1254,"href":"https:\/\/champipote.com\/index.php\/wp-json\/wp\/v2\/pages\/1122\/revisions\/1254"}],"wp:attachment":[{"href":"https:\/\/champipote.com\/index.php\/wp-json\/wp\/v2\/media?parent=1122"}],"curies":[{"name":"wp","href":"https:\/\/api.w.org\/{rel}","templated":true}]}}