{"id":983,"date":"2024-05-18T15:31:30","date_gmt":"2024-05-18T13:31:30","guid":{"rendered":"https:\/\/champipote.com\/?page_id=983"},"modified":"2024-05-18T15:35:57","modified_gmt":"2024-05-18T13:35:57","slug":"cgu-cgv","status":"publish","type":"page","link":"https:\/\/champipote.com\/index.php\/cgu-cgv\/","title":{"rendered":"CGU \/ CGV"},"content":{"rendered":"\t\t<div data-elementor-type=\"wp-page\" data-elementor-id=\"983\" class=\"elementor elementor-983\">\n\t\t\t\t\t\t<section class=\"elementor-section elementor-top-section elementor-element elementor-element-a4a23c5 elementor-section-boxed elementor-section-height-default elementor-section-height-default\" data-id=\"a4a23c5\" data-element_type=\"section\" data-e-type=\"section\">\n\t\t\t\t\t\t<div class=\"elementor-container elementor-column-gap-default\">\n\t\t\t\t\t<div class=\"elementor-column elementor-col-100 elementor-top-column elementor-element elementor-element-6d20244\" data-id=\"6d20244\" data-element_type=\"column\" data-e-type=\"column\">\n\t\t\t<div class=\"elementor-widget-wrap elementor-element-populated\">\n\t\t\t\t\t\t<div class=\"elementor-element elementor-element-faa8e49 elementor-widget elementor-widget-text-editor\" data-id=\"faa8e49\" data-element_type=\"widget\" data-e-type=\"widget\" data-widget_type=\"text-editor.default\">\n\t\t\t\t<div class=\"elementor-widget-container\">\n\t\t\t\t\t\t\t\t\t<h2>Conditions G\u00e9n\u00e9rales de Vente et d&rsquo;Utilisation (CGV\/CGU)<\/h2><h2>\u00a01. Pr\u00e9ambule<\/h2><p><span style=\"font-weight: 400;\">La Soci\u00e9t\u00e9 Champipote invite les Utilisateurs \u00e0 lire attentivement les pr\u00e9sentes Conditions G\u00e9n\u00e9rales de Vente et d\u2019Utilisation (ci-apr\u00e8s les \u201cCGV\/CGU\u201d). La passation d\u2019une Commande implique l\u2019acceptation des CGV\/CGU. Les caract\u00e9ristiques des produits sont indiqu\u00e9es sur le Site Internet. Il revient au Client d\u2019en tenir compte avant son achat.<\/span><\/p><p><span style=\"font-weight: 400;\">Les photographies ou graphismes pr\u00e9sent\u00e9s sur le Site Internet ne sont pas contractuels.<\/span><span style=\"font-weight: 400;\"><br \/><\/span><span style=\"font-weight: 400;\">Le Client reconna\u00eet en avoir pris connaissance et les avoir accept\u00e9es en cochant la case pr\u00e9vue pour ce faire avant la passation de sa Commande en ligne.<\/span><\/p><p><span style=\"font-weight: 400;\">Les CGV\/CGU encadrent les conditions dans lesquelles la soci\u00e9t\u00e9 Champipote vend ses Produits \u00e0 ses Clients Professionnels et Consommateurs via son Site Internet. Elles s\u2019appliquent \u00e0 toutes les ventes conclues par la Soci\u00e9t\u00e9 Champipote et s\u2019imposent \u00e0 tout document contradictoire, notamment les conditions g\u00e9n\u00e9rales d\u2019achat du Client.<\/span><span style=\"font-weight: 400;\"><br \/><\/span><span style=\"font-weight: 400;\">Elles sont syst\u00e9matiquement communiqu\u00e9es au Client qui en fait la demande. En cas de modification ult\u00e9rieure des CGV\/CGU, le Client est soumis \u00e0 la version en vigueur lors de sa Commande.<\/span><\/p><h2>2. D\u00e9finitions<\/h2><p><span style=\"font-weight: 400;\">Client : d\u00e9signe le Professionnel ou le Consommateur ayant pass\u00e9 Commande d\u2019un Produit vendu sur le Site Internet ;<\/span><span style=\"font-weight: 400;\"><br \/><\/span><span style=\"font-weight: 400;\">Commande : d\u00e9signe toute commande pass\u00e9e par l\u2019Utilisateur inscrit sur le pr\u00e9sent Site ;<\/span><span style=\"font-weight: 400;\"><br \/><\/span><span style=\"font-weight: 400;\">Conditions G\u00e9n\u00e9rales de Vente et d\u2019Utilisation ou CGV\/CGU : d\u00e9signent les pr\u00e9sentes conditions g\u00e9n\u00e9rales d\u2019utilisation et de vente en ligne ;<\/span><span style=\"font-weight: 400;\"><br \/><\/span><span style=\"font-weight: 400;\">Consommateur : d\u00e9signe l\u2019acheteur personne physique qui n\u2019agit pas pour des besoins professionnels et\/ou hors de son activit\u00e9 professionnelle ;<\/span><span style=\"font-weight: 400;\"><br \/><\/span><span style=\"font-weight: 400;\">Produits : d\u00e9signe les choses mat\u00e9rielles pouvant faire l\u2019objet d\u2019une appropriation et qui sont propos\u00e9es en vente sur le pr\u00e9sent Site ;<\/span><span style=\"font-weight: 400;\"><br \/><\/span><span style=\"font-weight: 400;\">Professionnel : d\u00e9signe l\u2019acheteur personne morale ou physique qui agit dans le cadre de son activit\u00e9 professionnelle ;<\/span><span style=\"font-weight: 400;\"><br \/><\/span><span style=\"font-weight: 400;\">Site : d\u00e9signe le pr\u00e9sent Site, c\u2019est-\u00e0-dire https:\/\/champipote.com\/<\/span><span style=\"font-weight: 400;\"><br \/><\/span><span style=\"font-weight: 400;\">Soci\u00e9t\u00e9 : d\u00e9signe la soci\u00e9t\u00e9 Champipote, plus amplement d\u00e9sign\u00e9e \u00e0 l\u2019article 1 des pr\u00e9sentes ;<\/span><span style=\"font-weight: 400;\"><br \/><\/span><span style=\"font-weight: 400;\">Utilisateur : d\u00e9signe toute personne qui fait utilisation du Site.<\/span><\/p><h2>3. Commandes<\/h2><p><span style=\"font-weight: 400;\">Toute Commande peut \u00eatre r\u00e9alis\u00e9e sans inscription via la page d\u00e9di\u00e9e.<\/span><span style=\"font-weight: 400;\"><br \/><\/span><span style=\"font-weight: 400;\">L\u2019Utilisateur peut ajouter des Produits \u00e0 son panier virtuel.<\/span><span style=\"font-weight: 400;\"><br \/><\/span><span style=\"font-weight: 400;\">Il peut ensuite acc\u00e9der au r\u00e9capitulatif de son panier virtuel afin de confirmer les Produits qu\u2019il souhaite commander et effectuer sa Commande en appuyant sur le bouton \u201cCommander\u201d.<\/span><span style=\"font-weight: 400;\"><br \/><\/span><span style=\"font-weight: 400;\">Il devra renseigner une adresse, un mode de livraison ainsi qu\u2019un mode de paiement valable afin de finaliser la Commande et de former efficacement le contrat de vente entre lui et la soci\u00e9t\u00e9 Champipote.<\/span><span style=\"font-weight: 400;\"><br \/><\/span><span style=\"font-weight: 400;\">La finalisation de la Commande implique l\u2019acceptation des prix des Produits vendus, ainsi que les modalit\u00e9s et d\u00e9lais de livraison indiqu\u00e9s sur le Site.<\/span><span style=\"font-weight: 400;\"><br \/><\/span><span style=\"font-weight: 400;\">Une fois la Commande pass\u00e9e, l\u2019Utilisateur en recevra confirmation par mail.<\/span><span style=\"font-weight: 400;\"><br \/><\/span><span style=\"font-weight: 400;\">Cette confirmation fera le r\u00e9capitulatif de la Commande ainsi que des informations pertinentes relatives \u00e0 la livraison.<\/span><span style=\"font-weight: 400;\"><br \/><\/span><span style=\"font-weight: 400;\">La passation d\u2019une Commande constitue la conclusion d\u2019un contrat de vente \u00e0 distance entre la Soci\u00e9t\u00e9 et le Client.<\/span><span style=\"font-weight: 400;\"><br \/><\/span><span style=\"font-weight: 400;\">La Soci\u00e9t\u00e9 pourra faire b\u00e9n\u00e9ficier le Client de r\u00e9ductions de prix, remises et rabais en fonction du nombre des Produits disponibles sur le Site command\u00e9s ou en fonction de la r\u00e9gularit\u00e9 des Commandes, selon les conditions fix\u00e9es par la Soci\u00e9t\u00e9.<\/span><\/p><h2>4. Produits et prix<\/h2><p><span style=\"font-weight: 400;\">Les Produits faisant l\u2019objet des CGV\/CGU sont ceux qui figurent sur le Site et qui sont vendus et exp\u00e9di\u00e9s directement par la Soci\u00e9t\u00e9.<\/span><span style=\"font-weight: 400;\"><br \/><\/span><span style=\"font-weight: 400;\">Les Produits sont d\u00e9crits sur la page correspondante au sein du Site et mention est faite de toutes leurs caract\u00e9ristiques essentielles.<\/span><span style=\"font-weight: 400;\"><br \/><\/span><span style=\"font-weight: 400;\">La vente s\u2019op\u00e8re dans la limite des stocks disponibles de la Soci\u00e9t\u00e9. Cette derni\u00e8re ne peut \u00eatre tenue responsable des ruptures de stock ou de l\u2019impossibilit\u00e9 de vendre un Produit dont le stock est inexistant.<\/span><span style=\"font-weight: 400;\"><br \/><\/span><span style=\"font-weight: 400;\">Lorsqu\u2019un Utilisateur souhaite acqu\u00e9rir un Produit vendu par la soci\u00e9t\u00e9 Champipote \u00e0 travers le Site, le prix indiqu\u00e9 sur la page du Produit correspond au prix en euros Toutes taxes comprises, hors frais de port et tient compte des r\u00e9ductions applicables et en vigueur le jour de la Commande.<\/span><span style=\"font-weight: 400;\"><br \/><\/span><span style=\"font-weight: 400;\">Le prix indiqu\u00e9 n\u2019inclut pas les frais de livraison qui seront d\u00e9taill\u00e9s le cas \u00e9ch\u00e9ant dans le r\u00e9capitulatif avant de passer la Commande.<\/span><span style=\"font-weight: 400;\"><br \/><\/span><span style=\"font-weight: 400;\">En aucun cas un Utilisateur ne pourra exiger l\u2019application de r\u00e9ductions n\u2019\u00e9tant plus en vigueur le jour de la Commande.<\/span><\/p><h2>5. Conditions de paiement<\/h2><p><span style=\"font-weight: 400;\">Sauf dispositions contraires, toutes les ventes sont pay\u00e9es comptant au moment de la passation de la Commande.<\/span><span style=\"font-weight: 400;\"><br \/><\/span><span style=\"font-weight: 400;\">En fonction de la nature ou du montant de la Commande, la Soci\u00e9t\u00e9 reste libre d\u2019exiger un acompte ou le paiement de l\u2019int\u00e9gralit\u00e9 du prix lors de la passation de la Commande ou lors de la r\u00e9ception de la facture.<\/span><span style=\"font-weight: 400;\"><br \/><\/span><span style=\"font-weight: 400;\">Le paiement peut \u00eatre r\u00e9alis\u00e9 par Mollie.<\/span><\/p><h2>6. Livraison<\/h2><p><span style=\"font-weight: 400;\">Les Produits sont livr\u00e9s exclusivement dans les zones g\u00e9ographiques suivantes : Rennes (35000).<\/span><\/p><p><span style=\"font-weight: 400;\">Pour exercer un droit de r\u00e9clamation sur la livraison, le Client doit faire parvenir \u00e0 la soci\u00e9t\u00e9 Champipote, une d\u00e9claration dans laquelle il exprime ses r\u00e9serves et r\u00e9clamations, assorties des justificatifs y aff\u00e9rents (bordereau de r\u00e9ception contresign\u00e9 par le transporteur, photographies\u2026).<\/span><\/p><p><span style=\"font-weight: 400;\">Une r\u00e9clamation ne respectant pas les conditions d\u00e9crites ci-dessus ne pourra \u00eatre accept\u00e9e.<\/span><\/p><p><span style=\"font-weight: 400;\">La Soci\u00e9t\u00e9 r\u00e9parera, remplacera ou remboursera le Produit ou ses composantes dans les plus brefs d\u00e9lais et \u00e0 ses frais, sous r\u00e9serve de la possibilit\u00e9 mat\u00e9rielle de r\u00e9parer le Produit ou de sa disponibilit\u00e9 en stock.<\/span><\/p><h2>7. Transfert des risques et de propri\u00e9t\u00e9<\/h2><p><span style=\"font-weight: 400;\">La soci\u00e9t\u00e9 Champipote conserve un droit de propri\u00e9t\u00e9 sur les Produits vendus jusqu\u2019au complet paiement du prix par le Client.<\/span><\/p><p><span style=\"font-weight: 400;\">Elle peut donc reprendre possession desdits Produits en cas de non-paiement. Dans ce cas, les acomptes vers\u00e9s resteront acquis \u00e0 la Soci\u00e9t\u00e9 au titre d\u2019indemnisation.<\/span><\/p><p><span style=\"font-weight: 400;\">Pour les Clients Professionnels, le transfert des risques au Client s\u2019op\u00e8re d\u00e8s la remise des marchandises au transporteur par la Soci\u00e9t\u00e9. Pour les Clients Consommateurs, le transfert des risques s\u2019op\u00e8re \u00e0 la livraison ou lors du retrait des marchandises au magasin lorsque le Client a choisi une livraison en magasin.<\/span><\/p><h2>9. Garanties l\u00e9gales<\/h2><p><span style=\"font-weight: 400;\">Les Produits vendus sur le Site sont garantis conform\u00e9ment aux dispositions l\u00e9gales du Code de la consommation et du Code civil telles que reproduites ci-dessous:\u00a0<\/span><\/p><ul><li style=\"font-weight: 400;\" aria-level=\"1\"><span style=\"font-weight: 400;\">Article L.217-4 du Code de la consommation : \u201cLe vendeur livre un bien conforme au contrat et r\u00e9pond des d\u00e9fauts de conformit\u00e9 existant lors de la d\u00e9livrance. Il r\u00e9pond \u00e9galement des d\u00e9fauts de conformit\u00e9 r\u00e9sultant de l\u2019emballage, des instructions de montage ou de l\u2019installation lorsque celle-ci a \u00e9t\u00e9 mise \u00e0 sa charge par le contrat ou a \u00e9t\u00e9 r\u00e9alis\u00e9e sous sa responsabilit\u00e9. \u201d<\/span><\/li><li style=\"font-weight: 400;\" aria-level=\"1\"><span style=\"font-weight: 400;\">Article L.217-5 du Code de la consommation : \u201cLe bien est conforme au contrat :<\/span><ul><li style=\"font-weight: 400;\" aria-level=\"2\"><span style=\"font-weight: 400;\">1\u00b0 S\u2019il est propre \u00e0 l\u2019usage habituellement attendu d\u2019un bien semblable et, le cas \u00e9ch\u00e9ant :<\/span><span style=\"font-weight: 400;\"><br \/><\/span><span style=\"font-weight: 400;\">\u2022 s\u2019il correspond \u00e0 la description donn\u00e9e par le vendeur et poss\u00e8de les qualit\u00e9s que celui-ci a pr\u00e9sent\u00e9es \u00e0 l\u2019acheteur sous forme d\u2019\u00e9chantillon ou de mod\u00e8le ;<\/span><span style=\"font-weight: 400;\"><br \/><\/span><span style=\"font-weight: 400;\">\u2022 s\u2019il pr\u00e9sente les qualit\u00e9s qu\u2019un acheteur peut l\u00e9gitimement attendre eu \u00e9gard aux d\u00e9clarations publiques faites par le vendeur, par le producteur ou par son repr\u00e9sentant, notamment dans la publicit\u00e9 ou l\u2019\u00e9tiquetage ;<\/span><\/li><li style=\"font-weight: 400;\" aria-level=\"2\"><span style=\"font-weight: 400;\">2\u00b0 Ou s\u2019il pr\u00e9sente les caract\u00e9ristiques d\u00e9finies d\u2019un commun accord par les parties ou est propre \u00e0 tout usage sp\u00e9cial recherch\u00e9 par l\u2019acheteur, port\u00e9 \u00e0 la connaissance du vendeur et que ce dernier a accept\u00e9\u201d<\/span><\/li><\/ul><\/li><\/ul><ul><li style=\"font-weight: 400;\" aria-level=\"1\"><span style=\"font-weight: 400;\">Article 1641 du Code civil : Le vendeur est tenu de la garantie \u00e0 raison des d\u00e9fauts cach\u00e9s de la chose vendue qui la rendent impropre \u00e0 l\u2019usage auquel on la destine, ou qui diminuent tellement cet usage que l\u2019acheteur ne l\u2019aurait pas acquise, ou n\u2019en aurait donn\u00e9 qu\u2019un moindre prix, s\u2019il les avait connus.\u201d<\/span><\/li><\/ul><p><span style=\"font-weight: 400;\">Tout Produit revendu alt\u00e9r\u00e9, modifi\u00e9 ou transform\u00e9 n\u2019est pas couvert pas la garantie.<\/span><span style=\"font-weight: 400;\"><br \/><\/span><span style=\"font-weight: 400;\">Celle-ci est limit\u00e9e au remplacement ou au remboursement des Produits non conformes ou affect\u00e9s d\u2019un vice. Elle est exclue en cas de mauvaise utilisation ou d\u2019utilisation anormale du Produit ainsi que dans le cas o\u00f9 le Produit ne respecterait pas la l\u00e9gislation du pays dans lequel il est livr\u00e9.<\/span><\/p><p><span style=\"font-weight: 400;\">Le Client devra informer la Soci\u00e9t\u00e9 de l\u2019existence des vices dans un d\u00e9lai de deux ans.<\/span><span style=\"font-weight: 400;\"><br \/><\/span><span style=\"font-weight: 400;\">La Soci\u00e9t\u00e9 fera rectifier les Produits jug\u00e9s d\u00e9fectueux dans la mesure du possible. Si la responsabilit\u00e9 de la Soci\u00e9t\u00e9 est retenue, la garantie est limit\u00e9e au montant HT pay\u00e9 par le Consommateur pour la fourniture des Produits.<\/span><\/p><p><span style=\"font-weight: 400;\">Le remplacement des Produits n\u2019a pas pour effet de prolonger la dur\u00e9e de la garantie.<\/span><\/p><h2>10. Modifications<\/h2><p><span style=\"font-weight: 400;\">La soci\u00e9t\u00e9 Champipote se r\u00e9serve le droit de modifier le Site, les CGV\/CGU ainsi que toute proc\u00e9dure de livraison ou autre \u00e9l\u00e9ment constitutif des prestations r\u00e9alis\u00e9es par la Soci\u00e9t\u00e9 par le biais du pr\u00e9sent Site.<\/span><\/p><p><span style=\"font-weight: 400;\">Lorsqu\u2019une Commande est pass\u00e9e, l\u2019Utilisateur est soumis aux stipulations \u00e9nonc\u00e9es par les CGV\/CGU en vigueur lors de la passation de la Commande.<\/span><\/p><h2>11. Responsabilit\u00e9<\/h2><p><span style=\"font-weight: 400;\">La Soci\u00e9t\u00e9 ne peut en aucun cas \u00eatre tenue responsable pour l\u2019indisponibilit\u00e9, qu\u2019elle soit temporaire ou permanente du Site Internet et bien qu\u2019elle mette en \u0153uvre tous ses moyens afin d\u2019assurer en permanence le service, il se peut que celui-ci soit interrompu \u00e0 tout moment.<\/span><\/p><p><span style=\"font-weight: 400;\">En outre, la Soci\u00e9t\u00e9 se r\u00e9serve le droit, par un acte volontaire, de rendre le Site indisponible afin de r\u00e9aliser toute op\u00e9ration de mise \u00e0 jour, d\u2019am\u00e9lioration ou de maintenance.<\/span><span style=\"font-weight: 400;\"><br \/><\/span><span style=\"font-weight: 400;\">Tel que mentionn\u00e9 auparavant dans les pr\u00e9sentes, la Soci\u00e9t\u00e9 ne peut en aucun cas \u00eatre tenue responsable des retards de livraison pour des motifs qui \u00e9chappent \u00e0 son contr\u00f4le, ind\u00e9pendants de sa volont\u00e9, impr\u00e9visibles et irr\u00e9sistibles ou dont la faute ne peut lui \u00eatre imputable.<\/span><\/p><h2>12. Propri\u00e9t\u00e9 intellectuelle<\/h2><p><span style=\"font-weight: 400;\">La marque, le logo, et la charte graphique du pr\u00e9sent Site sont des marques d\u00e9pos\u00e9es aupr\u00e8s de l\u2019INPI et des \u0153uvres de l\u2019esprit prot\u00e9g\u00e9es au titre du droit d\u2019auteur, dont la propri\u00e9t\u00e9 revient exclusivement \u00e0 la soci\u00e9t\u00e9 Champipote.<\/span><\/p><p><span style=\"font-weight: 400;\">Toute diffusion, exploitation, repr\u00e9sentation, reproduction, qu\u2019elle soit partielle ou int\u00e9grale, sans l\u2019autorisation expresse de la Soci\u00e9t\u00e9 exposera le contrevenant \u00e0 des poursuites civiles et p\u00e9nales.<\/span><\/p><h2>13. Clause attributive de comp\u00e9tence<\/h2><p><span style=\"font-weight: 400;\">Le droit r\u00e9gissant les CGV\/CGU est le droit fran\u00e7ais. Tout litige pouvant survenir entre la soci\u00e9t\u00e9 Champipote et un Utilisateur lors de l\u2019ex\u00e9cution des pr\u00e9sentes fera l\u2019objet d\u2019une tentative de r\u00e9solution \u00e0 l\u2019amiable.<\/span><\/p><p><span style=\"font-weight: 400;\">A d\u00e9faut, les litiges seront port\u00e9s \u00e0 la connaissance des tribunaux comp\u00e9tents de droit commun.<\/span><\/p><h2>14. Acceptation des CGV\/CGU<\/h2><p><span style=\"font-weight: 400;\">Le Client ou l\u2019Utilisateur accepte express\u00e9ment les CGV\/CGU. Le Client d\u00e9clare en avoir connaissance et renonce \u00e0 se pr\u00e9valoir de tout autre document, notamment ses propres conditions g\u00e9n\u00e9rales d\u2019achat.<\/span><\/p><p><span style=\"font-weight: 400;\">Le Consommateur reconnait avoir eu connaissance des informations et renseignements pr\u00e9vus aux articles L.111-1 \u00e0 L.111-7 du Code de la consommation, et notamment :<\/span><\/p><ul><li style=\"font-weight: 400;\" aria-level=\"1\"><span style=\"font-weight: 400;\">Les caract\u00e9ristiques essentielles du Produit ;<\/span><\/li><li style=\"font-weight: 400;\" aria-level=\"1\"><span style=\"font-weight: 400;\">Le prix des Produits ;<\/span><\/li><li style=\"font-weight: 400;\" aria-level=\"1\"><span style=\"font-weight: 400;\">La date ou le d\u00e9lai auquel la Soci\u00e9t\u00e9 s\u2019engage \u00e0 fournir le Service ;<\/span><\/li><li style=\"font-weight: 400;\" aria-level=\"1\"><span style=\"font-weight: 400;\">Les informations relatives \u00e0 l\u2019identit\u00e9 de la Soci\u00e9t\u00e9 (coordonn\u00e9es postales, t\u00e9l\u00e9phoniques, \u00e9lectroniques) ;<\/span><\/li><li style=\"font-weight: 400;\" aria-level=\"1\"><span style=\"font-weight: 400;\">Les informations relatives aux garanties l\u00e9gales et contractuelles et \u00e0 leurs modalit\u00e9s de mise en \u0153uvre ;<\/span><\/li><li style=\"font-weight: 400;\" aria-level=\"1\"><span style=\"font-weight: 400;\">La possibilit\u00e9 de recourir \u00e0 une m\u00e9diation conventionnelle en cas de litige ;<\/span><\/li><li style=\"font-weight: 400;\" aria-level=\"1\"><span style=\"font-weight: 400;\">Les informations relatives au droit de r\u00e9tractation (d\u00e9lai, modalit\u00e9s d\u2019exercice).<\/span><\/li><\/ul><h2>\u00a0<\/h2>\t\t\t\t\t\t\t\t<\/div>\n\t\t\t\t<\/div>\n\t\t\t\t\t<\/div>\n\t\t<\/div>\n\t\t\t\t\t<\/div>\n\t\t<\/section>\n\t\t\t\t<\/div>\n\t\t","protected":false},"excerpt":{"rendered":"<p>Conditions G\u00e9n\u00e9rales de Vente et d&rsquo;Utilisation (CGV\/CGU) \u00a01. Pr\u00e9ambule La Soci\u00e9t\u00e9 Champipote invite les Utilisateurs \u00e0 lire attentivement les pr\u00e9sentes Conditions G\u00e9n\u00e9rales de Vente et d\u2019Utilisation (ci-apr\u00e8s les \u201cCGV\/CGU\u201d). La passation d\u2019une Commande implique l\u2019acceptation des CGV\/CGU. Les caract\u00e9ristiques des produits sont indiqu\u00e9es sur le Site Internet. Il revient au Client d\u2019en tenir compte avant&#8230;<\/p>\n","protected":false},"author":1,"featured_media":0,"parent":0,"menu_order":0,"comment_status":"closed","ping_status":"closed","template":"","meta":{"ocean_post_layout":"","ocean_both_sidebars_style":"","ocean_both_sidebars_content_width":0,"ocean_both_sidebars_sidebars_width":0,"ocean_sidebar":"","ocean_second_sidebar":"","ocean_disable_margins":"enable","ocean_add_body_class":"","ocean_shortcode_before_top_bar":"","ocean_shortcode_after_top_bar":"","ocean_shortcode_before_header":"","ocean_shortcode_after_header":"","ocean_has_shortcode":"","ocean_shortcode_after_title":"","ocean_shortcode_before_footer_widgets":"","ocean_shortcode_after_footer_widgets":"","ocean_shortcode_before_footer_bottom":"","ocean_shortcode_after_footer_bottom":"","ocean_display_top_bar":"default","ocean_display_header":"default","ocean_header_style":"","ocean_center_header_left_menu":"","ocean_custom_header_template":"","ocean_custom_logo":0,"ocean_custom_retina_logo":0,"ocean_custom_logo_max_width":0,"ocean_custom_logo_tablet_max_width":0,"ocean_custom_logo_mobile_max_width":0,"ocean_custom_logo_max_height":0,"ocean_custom_logo_tablet_max_height":0,"ocean_custom_logo_mobile_max_height":0,"ocean_header_custom_menu":"","ocean_menu_typo_font_family":"","ocean_menu_typo_font_subset":"","ocean_menu_typo_font_size":0,"ocean_menu_typo_font_size_tablet":0,"ocean_menu_typo_font_size_mobile":0,"ocean_menu_typo_font_size_unit":"px","ocean_menu_typo_font_weight":"","ocean_menu_typo_font_weight_tablet":"","ocean_menu_typo_font_weight_mobile":"","ocean_menu_typo_transform":"","ocean_menu_typo_transform_tablet":"","ocean_menu_typo_transform_mobile":"","ocean_menu_typo_line_height":0,"ocean_menu_typo_line_height_tablet":0,"ocean_menu_typo_line_height_mobile":0,"ocean_menu_typo_line_height_unit":"","ocean_menu_typo_spacing":0,"ocean_menu_typo_spacing_tablet":0,"ocean_menu_typo_spacing_mobile":0,"ocean_menu_typo_spacing_unit":"","ocean_menu_link_color":"","ocean_menu_link_color_hover":"","ocean_menu_link_color_active":"","ocean_menu_link_background":"","ocean_menu_link_hover_background":"","ocean_menu_link_active_background":"","ocean_menu_social_links_bg":"","ocean_menu_social_hover_links_bg":"","ocean_menu_social_links_color":"","ocean_menu_social_hover_links_color":"","ocean_disable_title":"default","ocean_disable_heading":"default","ocean_post_title":"","ocean_post_subheading":"","ocean_post_title_style":"","ocean_post_title_background_color":"","ocean_post_title_background":0,"ocean_post_title_bg_image_position":"","ocean_post_title_bg_image_attachment":"","ocean_post_title_bg_image_repeat":"","ocean_post_title_bg_image_size":"","ocean_post_title_height":0,"ocean_post_title_bg_overlay":0.5,"ocean_post_title_bg_overlay_color":"","ocean_disable_breadcrumbs":"default","ocean_breadcrumbs_color":"","ocean_breadcrumbs_separator_color":"","ocean_breadcrumbs_links_color":"","ocean_breadcrumbs_links_hover_color":"","ocean_display_footer_widgets":"default","ocean_display_footer_bottom":"default","ocean_custom_footer_template":"","footnotes":""},"class_list":["post-983","page","type-page","status-publish","hentry","entry"],"_links":{"self":[{"href":"https:\/\/champipote.com\/index.php\/wp-json\/wp\/v2\/pages\/983","targetHints":{"allow":["GET"]}}],"collection":[{"href":"https:\/\/champipote.com\/index.php\/wp-json\/wp\/v2\/pages"}],"about":[{"href":"https:\/\/champipote.com\/index.php\/wp-json\/wp\/v2\/types\/page"}],"author":[{"embeddable":true,"href":"https:\/\/champipote.com\/index.php\/wp-json\/wp\/v2\/users\/1"}],"replies":[{"embeddable":true,"href":"https:\/\/champipote.com\/index.php\/wp-json\/wp\/v2\/comments?post=983"}],"version-history":[{"count":5,"href":"https:\/\/champipote.com\/index.php\/wp-json\/wp\/v2\/pages\/983\/revisions"}],"predecessor-version":[{"id":988,"href":"https:\/\/champipote.com\/index.php\/wp-json\/wp\/v2\/pages\/983\/revisions\/988"}],"wp:attachment":[{"href":"https:\/\/champipote.com\/index.php\/wp-json\/wp\/v2\/media?parent=983"}],"curies":[{"name":"wp","href":"https:\/\/api.w.org\/{rel}","templated":true}]}}